{"id":3573,"date":"2022-05-12T12:52:56","date_gmt":"2022-05-12T12:52:56","guid":{"rendered":"http:\/\/surgo.lt\/about-us\/"},"modified":"2023-08-11T11:53:47","modified_gmt":"2023-08-11T11:53:47","slug":"about-us","status":"publish","type":"page","link":"https:\/\/surgo.lt\/lt\/about-us\/","title":{"rendered":"About us"},"content":{"rendered":"<div class=\"wpb-content-wrapper\"><p>[vc_row wrap_container=&#8221;yes&#8221; conditional_render=&#8221;%5B%7B%22value_role%22%3A%22administrator%22%7D%5D&#8221; css=&#8221;.vc_custom_1653417936223{margin-top: 72px !important;margin-bottom: 25px !important;}&#8221;][vc_column css=&#8221;.vc_custom_1653334091598{margin-top: 2px !important;margin-bottom: 42px !important;}&#8221; conditional_render=&#8221;%5B%7B%22value_role%22%3A%22administrator%22%7D%5D&#8221; offset=&#8221;vc_col-md-6&#8243;]<div class=\"porto-u-heading mb-3  wpb_custom_019f285353d3f6748f1361c0a936a012 porto-u-9178\"><div class=\"porto-u-main-heading\"><h2   style=\"color:#4b7378;margin-bottom: 10px;\">HIGH QUALITY SOLUTIONS<\/h2><\/div><div class=\"porto-u-sub-heading\" style=\"color: #3e3e3e;\"><span class=\"HwtZe\" lang=\"en\"><span class=\"jCAhz ChMk0b\"><span class=\"ryNqvb\">Mission<\/span><\/span><\/span> \/ vision<\/div><style>.porto-u-9178.porto-u-heading{text-align:left}<\/style><\/div>[vc_custom_heading text=&#8221;Lorem ipsum dolor sit amet, consectetur adipiscing elit. Etiam vestibulum, libero vel tristique sodales, dui tellus lacinia nibh, eu auctor nisl est sed metus. Vivamus quis molestie nulla. Donec sed erat dapibus, ornare ante id, gravida elit.&#8221; font_container=&#8221;tag:p|text_align:left&#8221; use_theme_fonts=&#8221;yes&#8221; el_class=&#8221;mb-4&#8243;]<div class=\"porto-u-heading  wpb_custom_6d70ec192ff34fe4d8c91882313cedd7 porto-u-7866\"><div class=\"porto-u-main-heading\"><div   style=\"margin-bottom: 32px;\">Lorem ipsum dolor sit amet, consectetur adipiscing elit. Etiam vestibulum, libero vel tristique sodales, dui tellus lacinia nibh, eu auctor nisl est sed metus.<\/div><\/div><div class=\"porto-u-sub-heading\" style=\"margin-bottom:32px;\">\n<ul class=\"list-unstyled custom-list position-relative\">\n<li><i class=\"fas fa-check text-primary\" aria-hidden=\"true\"><\/i>Fusce sit amet orci quis arcu vestibulum.<\/li>\n<li><i class=\"fas fa-check text-primary\" aria-hidden=\"true\"><\/i>Amet orci quis arcu vestibulum.<\/li>\n<\/ul>\n<p><\/div><style>.porto-u-7866.porto-u-heading{text-align:left}<\/style><\/div>[vc_btn title=&#8221;Our products&#8221; style=&#8221;custom&#8221; custom_background=&#8221;&#8221; custom_text=&#8221;&#8221; i_align=&#8221;right&#8221; i_type=&#8221;porto&#8221; skin=&#8221;primary&#8221; btn_fs=&#8221;12.8px&#8221; btn_fw=&#8221;700&#8243; hover_effect=&#8221;hover-icon-pulse-left-right&#8221; add_icon=&#8221;true&#8221; link=&#8221;url:http%3A%2F%2Fsurgo.lt%2Fkatalogas-2%2F|title:Products&#8221; btn_px=&#8221;47px&#8221; btn_py=&#8221;16px&#8221; el_class=&#8221;custom-btn&#8221; btn_icon_spacing=&#8221;{&#8222;xl&#8222;:&#8222;4&#8222;,&#8222;unit&#8222;:&#8222;&#8222;,&#8222;xs&#8222;:&#8222;&#8222;,&#8222;sm&#8222;:&#8222;&#8222;,&#8222;md&#8222;:&#8222;&#8222;,&#8222;lg&#8222;:&#8222;&#8222;}&#8221; i_icon_porto=&#8221;porto-icon-arrow-forward-right&#8221;][\/vc_column][vc_column offset=&#8221;vc_col-md-6&#8243; conditional_render=&#8221;%5B%7B%22value_role%22%3A%22administrator%22%7D%5D&#8221; css=&#8221;.vc_custom_1653434657702{margin-bottom: 42px !important;}&#8221; el_class=&#8221;custom-gallery&#8221;]<div class=\"porto-animation anim-img-1\"  data-appear-animation=\"zoomIn\" data-appear-animation-delay=\"100\">[vc_single_image image=&#8221;3081&#8243; img_size=&#8221;full&#8221; alignment=&#8221;center&#8221; animation_delay=&#8221;100&#8243; floating_start_pos=&#8221;top&#8221; floating_speed=&#8221;9.8&#8243; css=&#8221;.vc_custom_1689694305856{margin-top: -8px !important;}&#8221; floating_duration=&#8221;1000&#8243; el_class=&#8221;mb-0 mx-auto&#8221;]<\/div><div class=\"porto-animation anim-img-2 position-absolute top-0 start-0 w-100\"  data-appear-animation=\"zoomIn\" data-appear-animation-delay=\"300\">[vc_single_image image=&#8221;3127&#8243; img_size=&#8221;full&#8221; alignment=&#8221;center&#8221; animation_delay=&#8221;100&#8243; floating_start_pos=&#8221;top&#8221; floating_speed=&#8221;9.7&#8243; floating_duration=&#8221;1000&#8243; el_class=&#8221;mb-0&#8243;]<\/div><div class=\"porto-animation anim-img-3 position-absolute top-0 end-0\"  data-appear-animation=\"zoomIn\" data-appear-animation-delay=\"600\">[vc_single_image image=&#8221;3129&#8243; img_size=&#8221;full&#8221; alignment=&#8221;center&#8221; animation_delay=&#8221;100&#8243; floating_start_pos=&#8221;top&#8221; floating_speed=&#8221;9.6&#8243; floating_duration=&#8221;1000&#8243; el_class=&#8221;mb-0 ml-auto&#8221;]<\/div>[\/vc_column][\/vc_row][vc_row wrap_container=&#8221;yes&#8221; css=&#8221;.vc_custom_1520134905992{border-bottom-width: 1px !important;padding-top: 50px !important;padding-bottom: 30px !important;border-bottom-color: #ebebeb !important;border-bottom-style: solid !important;border-radius: 1px !important;}&#8221; el_class=&#8221;about-us-history&#8221;][vc_column][vc_column_text]<\/p>\n<h2 style=\"text-align: center;\">OUR HISTORY<\/h2>\n<p>[\/vc_column_text]<div class=\"porto-carousel owl-carousel has-ccols has-ccols-spacing ccols-xl-2 ccols-lg-2 ccols-md-2 ccols-1 wpb_custom_c5ae0bae3d1f0403df33544cb3b00f85\" data-plugin-options=\"{&quot;themeConfig&quot;:true,&quot;stagePadding&quot;:0,&quot;margin&quot;:30,&quot;autoplay&quot;:false,&quot;mouseDrag&quot;:true,&quot;touchDrag&quot;:true,&quot;autoplayTimeout&quot;:5000,&quot;autoplayHoverPause&quot;:false,&quot;items&quot;:2,&quot;xl&quot;:2,&quot;lg&quot;:2,&quot;md&quot;:2,&quot;sm&quot;:1,&quot;xs&quot;:1,&quot;nav&quot;:false,&quot;dots&quot;:&quot;yes&quot;,&quot;animateIn&quot;:&quot;&quot;,&quot;animateOut&quot;:&quot;&quot;,&quot;loop&quot;:false,&quot;center&quot;:false,&quot;video&quot;:false,&quot;lazyLoad&quot;:false,&quot;fullscreen&quot;:false}\"><div class=\"porto-u-heading  wpb_custom_95aa9a11c17ad45cfabaf210d84ee7cc porto-u-8157\"><div class=\"porto-u-main-heading\"><h3   style=\"color:#141a1f;margin-bottom: 30px;font-size:50px;line-height:50px;\">2010<\/h3><\/div><div class=\"porto-u-sub-heading\" style=\"color: #646a70;font-size:15px;line-height:29px;\">Lorem Ipsum is simply dummy text of the printing and typesetting industry. Lorem Ipsum has been the industry&#8217;s standard dummy text ever since the 1500s, when an unknown printer took a galley.<\/div><style>.porto-u-8157.porto-u-heading{text-align:left}<\/style><\/div><div class=\"porto-u-heading  wpb_custom_95aa9a11c17ad45cfabaf210d84ee7cc porto-u-5878\"><div class=\"porto-u-main-heading\"><h3   style=\"color:#141a1f;margin-bottom: 30px;font-size:50px;line-height:50px;\">2015<\/h3><\/div><div class=\"porto-u-sub-heading\" style=\"color: #646a70;font-size:15px;line-height:29px;\">Lorem Ipsum is simply dummy text of the printing and typesetting industry. Lorem Ipsum has been the industry&#8217;s standard dummy text ever since the 1500s, when an unknown printer took a galley.<\/div><style>.porto-u-5878.porto-u-heading{text-align:left}<\/style><\/div><div class=\"porto-u-heading  wpb_custom_95aa9a11c17ad45cfabaf210d84ee7cc porto-u-5344\"><div class=\"porto-u-main-heading\"><h3   style=\"color:#141a1f;margin-bottom: 30px;font-size:50px;line-height:50px;\">2016<\/h3><\/div><div class=\"porto-u-sub-heading\" style=\"color: #646a70;font-size:15px;line-height:29px;\">Lorem Ipsum is simply dummy text of the printing and typesetting industry. Lorem Ipsum has been the industry&#8217;s standard dummy text ever since the 1500s, when an unknown printer took a galley.<\/div><style>.porto-u-5344.porto-u-heading{text-align:left}<\/style><\/div><div class=\"porto-u-heading  wpb_custom_95aa9a11c17ad45cfabaf210d84ee7cc porto-u-2901\"><div class=\"porto-u-main-heading\"><h3   style=\"color:#141a1f;margin-bottom: 30px;font-size:50px;line-height:50px;\">2017<\/h3><\/div><div class=\"porto-u-sub-heading\" style=\"color: #646a70;font-size:15px;line-height:29px;\">Lorem Ipsum is simply dummy text of the printing and typesetting industry. Lorem Ipsum has been the industry&#8217;s standard dummy text ever since the 1500s, when an unknown printer took a galley.<\/div><style>.porto-u-2901.porto-u-heading{text-align:left}<\/style><\/div><div class=\"porto-u-heading  wpb_custom_95aa9a11c17ad45cfabaf210d84ee7cc porto-u-2137\"><div class=\"porto-u-main-heading\"><h3   style=\"color:#141a1f;margin-bottom: 30px;font-size:50px;line-height:50px;\">2018<\/h3><\/div><div class=\"porto-u-sub-heading\" style=\"color: #646a70;font-size:15px;line-height:29px;\">Lorem Ipsum is simply dummy text of the printing and typesetting industry. Lorem Ipsum has been the industry&#8217;s standard dummy text ever since the 1500s, when an unknown printer took a galley.<\/div><style>.porto-u-2137.porto-u-heading{text-align:left}<\/style><\/div><\/div>[\/vc_column][\/vc_row][vc_row no_padding=&#8221;yes&#8221; conditional_render=&#8221;%5B%7B%22value_role%22%3A%22administrator%22%7D%5D&#8221;][vc_column parallax=&#8221;content-moving&#8221; parallax_image=&#8221;3084&#8243; conditional_render=&#8221;%5B%7B%22value_role%22%3A%22administrator%22%7D%5D&#8221; css=&#8221;.vc_custom_1689694480053{padding-top: 12.15rem !important;padding-bottom: 12.15rem !important;}&#8221; offset=&#8221;vc_col-md-6&#8243;][\/vc_column][vc_column is_half=&#8221;yes&#8221; conditional_render=&#8221;%5B%7B%22value_role%22%3A%22administrator%22%7D%5D&#8221; css=&#8221;.vc_custom_1653434372205{padding-top: 7.2rem !important;padding-bottom: 7.5rem !important;background-color: #f7f7f7 !important;}&#8221; offset=&#8221;vc_col-md-6&#8243;]<div class=\"porto-u-heading ml-lg-5 mb-0 w-max-493  wpb_custom_101fa6c19c1aa2506258be3da906857d porto-u-1652\"><div class=\"porto-u-main-heading\"><h2   style=\"margin-bottom: 12px;\">Veikla 1 - Exceeding Expectations<\/h2><\/div><div class=\"porto-u-sub-heading\" style=\"\">Lorem ipsum dolor sit amet, consectetur adipiscing elit. Etiam vestibulum, libero vel tristique sodales, dui tellus lacinia nibh, eu auctor nisl est sed metus.<\/div><style>.porto-u-1652.porto-u-heading{text-align:left}<\/style><\/div>[\/vc_column][\/vc_row][vc_row no_padding=&#8221;yes&#8221; conditional_render=&#8221;%5B%7B%22value_role%22%3A%22administrator%22%7D%5D&#8221;][vc_column parallax=&#8221;content-moving&#8221; parallax_image=&#8221;3129&#8243; conditional_render=&#8221;%5B%7B%22value_role%22%3A%22administrator%22%7D%5D&#8221; css=&#8221;.vc_custom_1689694440862{padding-top: 12.15rem !important;padding-bottom: 12.15rem !important;}&#8221; el_class=&#8221;order-lg-last&#8221; offset=&#8221;vc_col-md-6&#8243;][\/vc_column][vc_column is_half=&#8221;yes&#8221; is_half_right=&#8221;yes&#8221; conditional_render=&#8221;%5B%7B%22value_role%22%3A%22administrator%22%7D%5D&#8221; css=&#8221;.vc_custom_1653434385187{padding-top: 7.2rem !important;padding-bottom: 7.5rem !important;background-color: #f7f7f7 !important;}&#8221; offset=&#8221;vc_col-md-6&#8243;]<div class=\"porto-u-heading ml-lg-auto mr-lg-5 mb-0 w-max-493  wpb_custom_101fa6c19c1aa2506258be3da906857d porto-u-9282\"><div class=\"porto-u-main-heading\"><h2   style=\"margin-bottom: 12px;\">Veikla 2 - Customers First<\/h2><\/div><div class=\"porto-u-sub-heading\" style=\"\">Lorem ipsum dolor sit amet, consectetur adipiscing elit. Etiam vestibulum, libero vel tristique sodales, dui tellus lacinia nibh, eu auctor nisl est sed metus.<\/div><style>.porto-u-9282.porto-u-heading{text-align:left}<\/style><\/div>[\/vc_column][\/vc_row][vc_row el_class=&#8221;pt-4 mt-5&#8243; conditional_render=&#8221;%5B%7B%22value_role%22%3A%22administrator%22%7D%5D&#8221;][vc_column]<div class=\"porto-u-heading mb-3  wpb_custom_019f285353d3f6748f1361c0a936a012 porto-u-2530\"><div class=\"porto-u-main-heading\"><h2   style=\"color:#4b7378;margin-bottom: 10px;\">Meet our amazing team<\/h2><\/div><div class=\"porto-u-sub-heading\" style=\"color: #3e3e3e;\">Team<\/div><style>.porto-u-2530.porto-u-heading{text-align:center}<\/style><\/div>[\/vc_column][\/vc_row][vc_row gap=&#8221;20&#8243; wrap_container=&#8221;yes&#8221; el_class=&#8221;pb-4 mb-5 row-justify-content-center custom-full-height&#8221; conditional_render=&#8221;%5B%7B%22value_role%22%3A%22administrator%22%7D%5D&#8221;][vc_column width=&#8221;1\/4&#8243;]<div class=\"porto-ultimate-content-box-container custom-box-shadow-1\"><style>#porto_ucb_2982{will-change: box-shadow;box-shadow: none;}#porto_ucb_2982:hover{box-shadow:none}<\/style><div class=\"porto-ultimate-content-box vc_custom_1593051341765\" style=\"background-color:#ffffff;\" data-bg=\"#ffffff\" id=\"porto_ucb_2982\">[vc_single_image image=&#8221;3565&#8243; img_size=&#8221;full&#8221; alignment=&#8221;center&#8221; label=&#8221;&#8221;][vc_custom_heading text=&#8221;Darius Kali\u0161auskas&#8221; font_container=&#8221;tag:h3|text_align:left&#8221; use_theme_fonts=&#8221;yes&#8221; text_transform=&#8221;text-uppercase&#8221; el_class=&#8221;mb-4 pb-1&#8243;][vc_custom_heading text=&#8221;Sales manager&#8221; font_container=&#8221;tag:h4|text_align:left|color:%23777777&#8243; use_theme_fonts=&#8221;yes&#8221; el_class=&#8221;pb-2 mb-4 alternative-font&#8221;][vc_custom_heading text=&#8221;6 years in proactive Medical devices sales including world wide known brands an products.&#8221; font_container=&#8221;tag:p|font_size:1.1em|text_align:left&#8221; use_theme_fonts=&#8221;yes&#8221; el_class=&#8221;pb-2 mb-4&#8243;]<\/div><\/div>[\/vc_column][vc_column width=&#8221;1\/4&#8243;]<div class=\"porto-ultimate-content-box-container custom-box-shadow-1\"><style>#porto_ucb_2933{will-change: box-shadow;box-shadow: none;}#porto_ucb_2933:hover{box-shadow:none}<\/style><div class=\"porto-ultimate-content-box vc_custom_1593051341765\" style=\"background-color:#ffffff;\" data-bg=\"#ffffff\" id=\"porto_ucb_2933\">[vc_single_image image=&#8221;2894&#8243; img_size=&#8221;full&#8221;][vc_custom_heading text=&#8221;Toma Tylenyt\u0117&#8221; font_container=&#8221;tag:h3|text_align:left&#8221; use_theme_fonts=&#8221;yes&#8221; text_transform=&#8221;text-uppercase&#8221; el_class=&#8221;mb-4 pb-1&#8243;][vc_custom_heading text=&#8221;Sales representative&#8221; font_container=&#8221;tag:h4|text_align:left|color:%23777777&#8243; use_theme_fonts=&#8221;yes&#8221; el_class=&#8221;pb-2 mb-4 alternative-font&#8221;][vc_custom_heading text=&#8221;Lorem ipsum dolor sit amet, consectetur adipiscing elit. Sed imperdiet libero id nisi euismod, sed porta est consectetur.&#8221; font_container=&#8221;tag:p|font_size:1.1em|text_align:left&#8221; use_theme_fonts=&#8221;yes&#8221; el_class=&#8221;pb-2 mb-4&#8243;]<\/div><\/div>[\/vc_column][vc_column width=&#8221;1\/4&#8243;]<div class=\"porto-ultimate-content-box-container custom-box-shadow-1\"><style>#porto_ucb_3345{will-change: box-shadow;box-shadow: none;}#porto_ucb_3345:hover{box-shadow:none}<\/style><div class=\"porto-ultimate-content-box vc_custom_1593051341765\" style=\"background-color:#ffffff;\" data-bg=\"#ffffff\" id=\"porto_ucb_3345\">[vc_single_image image=&#8221;2894&#8243; img_size=&#8221;full&#8221;][vc_custom_heading text=&#8221;Eimant\u0117 Kamil\u0117 Kali\u0161auskien\u0117&#8221; font_container=&#8221;tag:h3|text_align:left&#8221; use_theme_fonts=&#8221;yes&#8221; text_transform=&#8221;text-uppercase&#8221; el_class=&#8221;mb-4 pb-1&#8243;][vc_custom_heading text=&#8221;General Manager&#8221; font_container=&#8221;tag:h4|text_align:left|color:%23777777&#8243; use_theme_fonts=&#8221;yes&#8221; el_class=&#8221;pb-2 mb-4 alternative-font&#8221;][vc_custom_heading text=&#8221;Lorem ipsum dolor sit amet, consectetur adipiscing elit. Sed imperdiet libero id nisi euismod, sed porta est consectetur.&#8221; font_container=&#8221;tag:p|font_size:1.1em|text_align:left&#8221; use_theme_fonts=&#8221;yes&#8221; el_class=&#8221;pb-2 mb-4&#8243;]<\/div><\/div>[\/vc_column][\/vc_row]<\/p>\n<\/div>","protected":false},"excerpt":{"rendered":"<p>[vc_row wrap_container=&#8221;yes&#8221; conditional_render=&#8221;%5B%7B%22value_role%22%3A%22administrator%22%7D%5D&#8221; css=&#8221;.vc_custom_1653417936223{margin-top: 72px !important;margin-bottom: 25px !important;}&#8221;][vc_column css=&#8221;.vc_custom_1653334091598{margin-top: 2px !important;margin-bottom: 42px !important;}&#8221; conditional_render=&#8221;%5B%7B%22value_role%22%3A%22administrator%22%7D%5D&#8221; offset=&#8221;vc_col-md-6&#8243;][vc_custom_heading text=&#8221;Lorem ipsum dolor sit amet, consectetur adipiscing elit. Etiam vestibulum, libero vel tristique sodales, dui tellus lacinia nibh, eu auctor nisl est sed metus. Vivamus quis molestie nulla. Donec sed erat dapibus, ornare ante id, gravida elit.&#8221; font_container=&#8221;tag:p|text_align:left&#8221; use_theme_fonts=&#8221;yes&#8221; el_class=&#8221;mb-4&#8243;][vc_btn [&hellip;]<\/p>\n","protected":false},"author":1,"featured_media":0,"parent":0,"menu_order":0,"comment_status":"closed","ping_status":"closed","template":"","meta":{"inline_featured_image":false,"footnotes":""},"class_list":["post-3573","page","type-page","status-publish","hentry"],"_links":{"self":[{"href":"https:\/\/surgo.lt\/lt\/wp-json\/wp\/v2\/pages\/3573","targetHints":{"allow":["GET"]}}],"collection":[{"href":"https:\/\/surgo.lt\/lt\/wp-json\/wp\/v2\/pages"}],"about":[{"href":"https:\/\/surgo.lt\/lt\/wp-json\/wp\/v2\/types\/page"}],"author":[{"embeddable":true,"href":"https:\/\/surgo.lt\/lt\/wp-json\/wp\/v2\/users\/1"}],"replies":[{"embeddable":true,"href":"https:\/\/surgo.lt\/lt\/wp-json\/wp\/v2\/comments?post=3573"}],"version-history":[{"count":1,"href":"https:\/\/surgo.lt\/lt\/wp-json\/wp\/v2\/pages\/3573\/revisions"}],"predecessor-version":[{"id":3574,"href":"https:\/\/surgo.lt\/lt\/wp-json\/wp\/v2\/pages\/3573\/revisions\/3574"}],"wp:attachment":[{"href":"https:\/\/surgo.lt\/lt\/wp-json\/wp\/v2\/media?parent=3573"}],"curies":[{"name":"wp","href":"https:\/\/api.w.org\/{rel}","templated":true}]}}